{"id":8,"date":"2022-03-10T16:28:59","date_gmt":"2022-03-10T15:28:59","guid":{"rendered":"https:\/\/szkolkakubiczek.pl\/?page_id=8"},"modified":"2026-04-01T21:21:22","modified_gmt":"2026-04-01T19:21:22","slug":"strona-glowna","status":"publish","type":"page","link":"https:\/\/szkolkakubiczek.pl\/de\/","title":{"rendered":"Strona g\u0142\u00f3wna"},"content":{"rendered":"","protected":false},"excerpt":{"rendered":"","protected":false},"author":1,"featured_media":0,"parent":0,"menu_order":0,"comment_status":"closed","ping_status":"closed","template":"page-home.php","meta":{"_acf_changed":false,"ngg_post_thumbnail":0,"footnotes":""},"class_list":["post-8","page","type-page","status-publish","hentry"],"translation":{"provider":"WPGlobus","version":"3.0.0","language":"de","enabled_languages":["pl","gb","de","cz"],"languages":{"pl":{"title":true,"content":false,"excerpt":false},"gb":{"title":false,"content":false,"excerpt":false},"de":{"title":false,"content":false,"excerpt":false},"cz":{"title":false,"content":false,"excerpt":false}}},"acf":{"photo_gallery":{"carousel":[[{"id":50,"title":"slider-5","caption":"","full_image_url":"https:\/\/szkolkakubiczek.pl\/wp-content\/uploads\/2022\/03\/slider-5.jpg","thumbnail_image_url":"https:\/\/szkolkakubiczek.pl\/wp-content\/uploads\/2022\/03\/slider-5-150x150.jpg","large_srcset":"https:\/\/szkolkakubiczek.pl\/wp-content\/uploads\/2022\/03\/slider-5-1024x205.jpg 1024w, https:\/\/szkolkakubiczek.pl\/wp-content\/uploads\/2022\/03\/slider-5-300x60.jpg 300w, https:\/\/szkolkakubiczek.pl\/wp-content\/uploads\/2022\/03\/slider-5-768x154.jpg 768w, https:\/\/szkolkakubiczek.pl\/wp-content\/uploads\/2022\/03\/slider-5-1536x307.jpg 1536w, https:\/\/szkolkakubiczek.pl\/wp-content\/uploads\/2022\/03\/slider-5-2048x410.jpg 2048w","medium_srcset":"https:\/\/szkolkakubiczek.pl\/wp-content\/uploads\/2022\/03\/slider-5-300x60.jpg 300w, https:\/\/szkolkakubiczek.pl\/wp-content\/uploads\/2022\/03\/slider-5-1024x205.jpg 1024w, https:\/\/szkolkakubiczek.pl\/wp-content\/uploads\/2022\/03\/slider-5-768x154.jpg 768w, https:\/\/szkolkakubiczek.pl\/wp-content\/uploads\/2022\/03\/slider-5-1536x307.jpg 1536w, https:\/\/szkolkakubiczek.pl\/wp-content\/uploads\/2022\/03\/slider-5-2048x410.jpg 2048w","media_details":{"width":2500,"height":500,"sizes":{"medium":{"file":"slider-5-300x60.jpg","width":300,"height":60,"mime-type":"image\/jpeg","source_url":"https:\/\/szkolkakubiczek.pl\/wp-content\/uploads\/2022\/03\/slider-5-300x60.jpg"},"large":{"file":"slider-5-1024x205.jpg","width":1024,"height":205,"mime-type":"image\/jpeg","source_url":"https:\/\/szkolkakubiczek.pl\/wp-content\/uploads\/2022\/03\/slider-5-1024x205.jpg"},"thumbnail":{"file":"slider-5-150x150.jpg","width":150,"height":150,"mime-type":"image\/jpeg","source_url":"https:\/\/szkolkakubiczek.pl\/wp-content\/uploads\/2022\/03\/slider-5-150x150.jpg"},"medium_large":{"file":"slider-5-768x154.jpg","width":768,"height":154,"mime-type":"image\/jpeg","source_url":"https:\/\/szkolkakubiczek.pl\/wp-content\/uploads\/2022\/03\/slider-5-768x154.jpg"},"1536x1536":{"file":"slider-5-1536x307.jpg","width":1536,"height":307,"mime-type":"image\/jpeg","source_url":"https:\/\/szkolkakubiczek.pl\/wp-content\/uploads\/2022\/03\/slider-5-1536x307.jpg"},"2048x2048":{"file":"slider-5-2048x410.jpg","width":2048,"height":410,"mime-type":"image\/jpeg","source_url":"https:\/\/szkolkakubiczek.pl\/wp-content\/uploads\/2022\/03\/slider-5-2048x410.jpg"}}},"alt_text":"","url":"","target":""},{"id":49,"title":"slider-4","caption":"","full_image_url":"https:\/\/szkolkakubiczek.pl\/wp-content\/uploads\/2022\/03\/slider-4.jpg","thumbnail_image_url":"https:\/\/szkolkakubiczek.pl\/wp-content\/uploads\/2022\/03\/slider-4-150x150.jpg","large_srcset":"https:\/\/szkolkakubiczek.pl\/wp-content\/uploads\/2022\/03\/slider-4-1024x205.jpg 1024w, https:\/\/szkolkakubiczek.pl\/wp-content\/uploads\/2022\/03\/slider-4-300x60.jpg 300w, https:\/\/szkolkakubiczek.pl\/wp-content\/uploads\/2022\/03\/slider-4-768x154.jpg 768w, https:\/\/szkolkakubiczek.pl\/wp-content\/uploads\/2022\/03\/slider-4-1536x307.jpg 1536w, https:\/\/szkolkakubiczek.pl\/wp-content\/uploads\/2022\/03\/slider-4-2048x410.jpg 2048w","medium_srcset":"https:\/\/szkolkakubiczek.pl\/wp-content\/uploads\/2022\/03\/slider-4-300x60.jpg 300w, https:\/\/szkolkakubiczek.pl\/wp-content\/uploads\/2022\/03\/slider-4-1024x205.jpg 1024w, https:\/\/szkolkakubiczek.pl\/wp-content\/uploads\/2022\/03\/slider-4-768x154.jpg 768w, https:\/\/szkolkakubiczek.pl\/wp-content\/uploads\/2022\/03\/slider-4-1536x307.jpg 1536w, https:\/\/szkolkakubiczek.pl\/wp-content\/uploads\/2022\/03\/slider-4-2048x410.jpg 2048w","media_details":{"width":2500,"height":500,"sizes":{"medium":{"file":"slider-4-300x60.jpg","width":300,"height":60,"mime-type":"image\/jpeg","source_url":"https:\/\/szkolkakubiczek.pl\/wp-content\/uploads\/2022\/03\/slider-4-300x60.jpg"},"large":{"file":"slider-4-1024x205.jpg","width":1024,"height":205,"mime-type":"image\/jpeg","source_url":"https:\/\/szkolkakubiczek.pl\/wp-content\/uploads\/2022\/03\/slider-4-1024x205.jpg"},"thumbnail":{"file":"slider-4-150x150.jpg","width":150,"height":150,"mime-type":"image\/jpeg","source_url":"https:\/\/szkolkakubiczek.pl\/wp-content\/uploads\/2022\/03\/slider-4-150x150.jpg"},"medium_large":{"file":"slider-4-768x154.jpg","width":768,"height":154,"mime-type":"image\/jpeg","source_url":"https:\/\/szkolkakubiczek.pl\/wp-content\/uploads\/2022\/03\/slider-4-768x154.jpg"},"1536x1536":{"file":"slider-4-1536x307.jpg","width":1536,"height":307,"mime-type":"image\/jpeg","source_url":"https:\/\/szkolkakubiczek.pl\/wp-content\/uploads\/2022\/03\/slider-4-1536x307.jpg"},"2048x2048":{"file":"slider-4-2048x410.jpg","width":2048,"height":410,"mime-type":"image\/jpeg","source_url":"https:\/\/szkolkakubiczek.pl\/wp-content\/uploads\/2022\/03\/slider-4-2048x410.jpg"}}},"alt_text":"","url":"","target":""},{"id":48,"title":"slider-3","caption":"","full_image_url":"https:\/\/szkolkakubiczek.pl\/wp-content\/uploads\/2022\/03\/slider-3.jpg","thumbnail_image_url":"https:\/\/szkolkakubiczek.pl\/wp-content\/uploads\/2022\/03\/slider-3-150x150.jpg","large_srcset":"https:\/\/szkolkakubiczek.pl\/wp-content\/uploads\/2022\/03\/slider-3-1024x205.jpg 1024w, https:\/\/szkolkakubiczek.pl\/wp-content\/uploads\/2022\/03\/slider-3-300x60.jpg 300w, https:\/\/szkolkakubiczek.pl\/wp-content\/uploads\/2022\/03\/slider-3-768x154.jpg 768w, https:\/\/szkolkakubiczek.pl\/wp-content\/uploads\/2022\/03\/slider-3-1536x307.jpg 1536w, https:\/\/szkolkakubiczek.pl\/wp-content\/uploads\/2022\/03\/slider-3-2048x410.jpg 2048w","medium_srcset":"https:\/\/szkolkakubiczek.pl\/wp-content\/uploads\/2022\/03\/slider-3-300x60.jpg 300w, https:\/\/szkolkakubiczek.pl\/wp-content\/uploads\/2022\/03\/slider-3-1024x205.jpg 1024w, https:\/\/szkolkakubiczek.pl\/wp-content\/uploads\/2022\/03\/slider-3-768x154.jpg 768w, https:\/\/szkolkakubiczek.pl\/wp-content\/uploads\/2022\/03\/slider-3-1536x307.jpg 1536w, https:\/\/szkolkakubiczek.pl\/wp-content\/uploads\/2022\/03\/slider-3-2048x410.jpg 2048w","media_details":{"width":2500,"height":500,"sizes":{"medium":{"file":"slider-3-300x60.jpg","width":300,"height":60,"mime-type":"image\/jpeg","source_url":"https:\/\/szkolkakubiczek.pl\/wp-content\/uploads\/2022\/03\/slider-3-300x60.jpg"},"large":{"file":"slider-3-1024x205.jpg","width":1024,"height":205,"mime-type":"image\/jpeg","source_url":"https:\/\/szkolkakubiczek.pl\/wp-content\/uploads\/2022\/03\/slider-3-1024x205.jpg"},"thumbnail":{"file":"slider-3-150x150.jpg","width":150,"height":150,"mime-type":"image\/jpeg","source_url":"https:\/\/szkolkakubiczek.pl\/wp-content\/uploads\/2022\/03\/slider-3-150x150.jpg"},"medium_large":{"file":"slider-3-768x154.jpg","width":768,"height":154,"mime-type":"image\/jpeg","source_url":"https:\/\/szkolkakubiczek.pl\/wp-content\/uploads\/2022\/03\/slider-3-768x154.jpg"},"1536x1536":{"file":"slider-3-1536x307.jpg","width":1536,"height":307,"mime-type":"image\/jpeg","source_url":"https:\/\/szkolkakubiczek.pl\/wp-content\/uploads\/2022\/03\/slider-3-1536x307.jpg"},"2048x2048":{"file":"slider-3-2048x410.jpg","width":2048,"height":410,"mime-type":"image\/jpeg","source_url":"https:\/\/szkolkakubiczek.pl\/wp-content\/uploads\/2022\/03\/slider-3-2048x410.jpg"}}},"alt_text":"","url":"","target":""},{"id":47,"title":"slider-2","caption":"","full_image_url":"https:\/\/szkolkakubiczek.pl\/wp-content\/uploads\/2022\/03\/slider-2.jpg","thumbnail_image_url":"https:\/\/szkolkakubiczek.pl\/wp-content\/uploads\/2022\/03\/slider-2-150x150.jpg","large_srcset":"https:\/\/szkolkakubiczek.pl\/wp-content\/uploads\/2022\/03\/slider-2-1024x205.jpg 1024w, https:\/\/szkolkakubiczek.pl\/wp-content\/uploads\/2022\/03\/slider-2-300x60.jpg 300w, https:\/\/szkolkakubiczek.pl\/wp-content\/uploads\/2022\/03\/slider-2-768x154.jpg 768w, https:\/\/szkolkakubiczek.pl\/wp-content\/uploads\/2022\/03\/slider-2-1536x307.jpg 1536w, https:\/\/szkolkakubiczek.pl\/wp-content\/uploads\/2022\/03\/slider-2-2048x410.jpg 2048w","medium_srcset":"https:\/\/szkolkakubiczek.pl\/wp-content\/uploads\/2022\/03\/slider-2-300x60.jpg 300w, https:\/\/szkolkakubiczek.pl\/wp-content\/uploads\/2022\/03\/slider-2-1024x205.jpg 1024w, https:\/\/szkolkakubiczek.pl\/wp-content\/uploads\/2022\/03\/slider-2-768x154.jpg 768w, https:\/\/szkolkakubiczek.pl\/wp-content\/uploads\/2022\/03\/slider-2-1536x307.jpg 1536w, https:\/\/szkolkakubiczek.pl\/wp-content\/uploads\/2022\/03\/slider-2-2048x410.jpg 2048w","media_details":{"width":2500,"height":500,"sizes":{"medium":{"file":"slider-2-300x60.jpg","width":300,"height":60,"mime-type":"image\/jpeg","source_url":"https:\/\/szkolkakubiczek.pl\/wp-content\/uploads\/2022\/03\/slider-2-300x60.jpg"},"large":{"file":"slider-2-1024x205.jpg","width":1024,"height":205,"mime-type":"image\/jpeg","source_url":"https:\/\/szkolkakubiczek.pl\/wp-content\/uploads\/2022\/03\/slider-2-1024x205.jpg"},"thumbnail":{"file":"slider-2-150x150.jpg","width":150,"height":150,"mime-type":"image\/jpeg","source_url":"https:\/\/szkolkakubiczek.pl\/wp-content\/uploads\/2022\/03\/slider-2-150x150.jpg"},"medium_large":{"file":"slider-2-768x154.jpg","width":768,"height":154,"mime-type":"image\/jpeg","source_url":"https:\/\/szkolkakubiczek.pl\/wp-content\/uploads\/2022\/03\/slider-2-768x154.jpg"},"1536x1536":{"file":"slider-2-1536x307.jpg","width":1536,"height":307,"mime-type":"image\/jpeg","source_url":"https:\/\/szkolkakubiczek.pl\/wp-content\/uploads\/2022\/03\/slider-2-1536x307.jpg"},"2048x2048":{"file":"slider-2-2048x410.jpg","width":2048,"height":410,"mime-type":"image\/jpeg","source_url":"https:\/\/szkolkakubiczek.pl\/wp-content\/uploads\/2022\/03\/slider-2-2048x410.jpg"}}},"alt_text":"","url":"","target":""},{"id":46,"title":"slider-1","caption":"","full_image_url":"https:\/\/szkolkakubiczek.pl\/wp-content\/uploads\/2022\/03\/slider-1.jpg","thumbnail_image_url":"https:\/\/szkolkakubiczek.pl\/wp-content\/uploads\/2022\/03\/slider-1-150x150.jpg","large_srcset":"https:\/\/szkolkakubiczek.pl\/wp-content\/uploads\/2022\/03\/slider-1-1024x205.jpg 1024w, https:\/\/szkolkakubiczek.pl\/wp-content\/uploads\/2022\/03\/slider-1-300x60.jpg 300w, https:\/\/szkolkakubiczek.pl\/wp-content\/uploads\/2022\/03\/slider-1-768x154.jpg 768w, https:\/\/szkolkakubiczek.pl\/wp-content\/uploads\/2022\/03\/slider-1-1536x307.jpg 1536w, https:\/\/szkolkakubiczek.pl\/wp-content\/uploads\/2022\/03\/slider-1-2048x410.jpg 2048w","medium_srcset":"https:\/\/szkolkakubiczek.pl\/wp-content\/uploads\/2022\/03\/slider-1-300x60.jpg 300w, https:\/\/szkolkakubiczek.pl\/wp-content\/uploads\/2022\/03\/slider-1-1024x205.jpg 1024w, https:\/\/szkolkakubiczek.pl\/wp-content\/uploads\/2022\/03\/slider-1-768x154.jpg 768w, https:\/\/szkolkakubiczek.pl\/wp-content\/uploads\/2022\/03\/slider-1-1536x307.jpg 1536w, https:\/\/szkolkakubiczek.pl\/wp-content\/uploads\/2022\/03\/slider-1-2048x410.jpg 2048w","media_details":{"width":2500,"height":500,"sizes":{"medium":{"file":"slider-1-300x60.jpg","width":300,"height":60,"mime-type":"image\/jpeg","source_url":"https:\/\/szkolkakubiczek.pl\/wp-content\/uploads\/2022\/03\/slider-1-300x60.jpg"},"large":{"file":"slider-1-1024x205.jpg","width":1024,"height":205,"mime-type":"image\/jpeg","source_url":"https:\/\/szkolkakubiczek.pl\/wp-content\/uploads\/2022\/03\/slider-1-1024x205.jpg"},"thumbnail":{"file":"slider-1-150x150.jpg","width":150,"height":150,"mime-type":"image\/jpeg","source_url":"https:\/\/szkolkakubiczek.pl\/wp-content\/uploads\/2022\/03\/slider-1-150x150.jpg"},"medium_large":{"file":"slider-1-768x154.jpg","width":768,"height":154,"mime-type":"image\/jpeg","source_url":"https:\/\/szkolkakubiczek.pl\/wp-content\/uploads\/2022\/03\/slider-1-768x154.jpg"},"1536x1536":{"file":"slider-1-1536x307.jpg","width":1536,"height":307,"mime-type":"image\/jpeg","source_url":"https:\/\/szkolkakubiczek.pl\/wp-content\/uploads\/2022\/03\/slider-1-1536x307.jpg"},"2048x2048":{"file":"slider-1-2048x410.jpg","width":2048,"height":410,"mime-type":"image\/jpeg","source_url":"https:\/\/szkolkakubiczek.pl\/wp-content\/uploads\/2022\/03\/slider-1-2048x410.jpg"}}},"alt_text":"","url":"","target":""}]]}},"yoast_head":"<!-- This site is optimized with the Yoast SEO plugin v24.9 - https:\/\/yoast.com\/wordpress\/plugins\/seo\/ -->\n<title>Strona g\u0142\u00f3wna - Kubiczek - Szk\u00f3\u0142ka drzew i krzew\u00f3w O\u015bwi\u0119cim<\/title>\n<meta name=\"robots\" content=\"index, follow, max-snippet:-1, max-image-preview:large, max-video-preview:-1\" \/>\n<link rel=\"canonical\" href=\"https:\/\/szkolkakubiczek.pl\/\" \/>\n<meta property=\"og:locale\" content=\"de_DE\" \/>\n<meta property=\"og:type\" content=\"article\" \/>\n<meta property=\"og:title\" content=\"Strona g\u0142\u00f3wna - Kubiczek - Szk\u00f3\u0142ka drzew i krzew\u00f3w O\u015bwi\u0119cim\" \/>\n<meta property=\"og:url\" content=\"https:\/\/szkolkakubiczek.pl\/\" \/>\n<meta property=\"og:site_name\" content=\"Kubiczek - Szk\u00f3\u0142ka drzew i krzew\u00f3w O\u015bwi\u0119cim\" \/>\n<meta property=\"article:publisher\" content=\"https:\/\/www.facebook.com\/profile.php?id=100048712636007\" \/>\n<meta property=\"article:modified_time\" content=\"2026-04-01T19:21:22+00:00\" \/>\n<meta property=\"og:image\" content=\"https:\/\/szkolkakubiczek.pl\/wp-content\/uploads\/2022\/03\/13.jpg\" \/>\n\t<meta property=\"og:image:width\" content=\"600\" \/>\n\t<meta property=\"og:image:height\" content=\"399\" \/>\n\t<meta property=\"og:image:type\" content=\"image\/jpeg\" \/>\n<meta name=\"twitter:card\" content=\"summary_large_image\" \/>\n<script type=\"application\/ld+json\" class=\"yoast-schema-graph\">{\"@context\":\"https:\/\/schema.org\",\"@graph\":[{\"@type\":\"WebPage\",\"@id\":\"https:\/\/szkolkakubiczek.pl\/\",\"url\":\"https:\/\/szkolkakubiczek.pl\/\",\"name\":\"Strona g\u0142\u00f3wna - Kubiczek - Szk\u00f3\u0142ka drzew i krzew\u00f3w O\u015bwi\u0119cim\",\"isPartOf\":{\"@id\":\"https:\/\/szkolkakubiczek.pl\/#website\"},\"datePublished\":\"2022-03-10T15:28:59+00:00\",\"dateModified\":\"2026-04-01T19:21:22+00:00\",\"description\":\"Kubiczek - Szk\u00f3\u0142ka drzew i krzew\u00f3w O\u015bwi\u0119cim - Strona g\u0142\u00f3wna\",\"breadcrumb\":{\"@id\":\"https:\/\/szkolkakubiczek.pl\/#breadcrumb\"},\"inLanguage\":\"de-DE\",\"potentialAction\":[{\"@type\":\"ReadAction\",\"target\":[\"https:\/\/szkolkakubiczek.pl\/\"]}]},{\"@type\":\"BreadcrumbList\",\"@id\":\"https:\/\/szkolkakubiczek.pl\/#breadcrumb\",\"itemListElement\":[{\"@type\":\"ListItem\",\"position\":1,\"name\":\"Strona g\u0142\u00f3wna\",\"item\":\"https:\/\/szkolkakubiczek.pl\/\"},{\"@type\":\"ListItem\",\"position\":2,\"name\":\"Strona g\u0142\u00f3wna\"}]},{\"@type\":\"WebSite\",\"@id\":\"https:\/\/szkolkakubiczek.pl\/#website\",\"url\":\"https:\/\/szkolkakubiczek.pl\/\",\"name\":\"Kubiczek - Szk\u00f3\u0142ka drzew i krzew\u00f3w O\u015bwi\u0119cim\",\"description\":\"Szk\u00f3\u0142ka drzew i krzew\u00f3w\",\"publisher\":{\"@id\":\"https:\/\/szkolkakubiczek.pl\/#organization\"},\"potentialAction\":[{\"@type\":\"SearchAction\",\"target\":{\"@type\":\"EntryPoint\",\"urlTemplate\":\"https:\/\/szkolkakubiczek.pl\/?s={search_term_string}\"},\"query-input\":{\"@type\":\"PropertyValueSpecification\",\"valueRequired\":true,\"valueName\":\"search_term_string\"}}],\"inLanguage\":\"de-DE\"},{\"@type\":\"Organization\",\"@id\":\"https:\/\/szkolkakubiczek.pl\/#organization\",\"name\":\"Szk\u00f3\u0142ka kwiat\u00f3w i ro\u015blin Kubiczek\",\"url\":\"https:\/\/szkolkakubiczek.pl\/\",\"logo\":{\"@type\":\"ImageObject\",\"inLanguage\":\"de-DE\",\"@id\":\"https:\/\/szkolkakubiczek.pl\/#\/schema\/logo\/image\/\",\"url\":\"http:\/\/szkolkakubiczek.pl\/wp-content\/uploads\/2022\/04\/cropped-Zdjecie4.png\",\"contentUrl\":\"http:\/\/szkolkakubiczek.pl\/wp-content\/uploads\/2022\/04\/cropped-Zdjecie4.png\",\"width\":512,\"height\":512,\"caption\":\"Szk\u00f3\u0142ka kwiat\u00f3w i ro\u015blin Kubiczek\"},\"image\":{\"@id\":\"https:\/\/szkolkakubiczek.pl\/#\/schema\/logo\/image\/\"},\"sameAs\":[\"https:\/\/www.facebook.com\/profile.php?id=100048712636007\",\"https:\/\/www.instagram.com\/szkolka_kubiczek\/\"]}]}<\/script>\n<!-- \/ Yoast SEO plugin. -->","yoast_head_json":{"title":"Strona g\u0142\u00f3wna - Kubiczek - Szk\u00f3\u0142ka drzew i krzew\u00f3w O\u015bwi\u0119cim","robots":{"index":"index","follow":"follow","max-snippet":"max-snippet:-1","max-image-preview":"max-image-preview:large","max-video-preview":"max-video-preview:-1"},"canonical":"https:\/\/szkolkakubiczek.pl\/","og_locale":"de_DE","og_type":"article","og_title":"Strona g\u0142\u00f3wna - Kubiczek - Szk\u00f3\u0142ka drzew i krzew\u00f3w O\u015bwi\u0119cim","og_url":"https:\/\/szkolkakubiczek.pl\/","og_site_name":"Kubiczek - Szk\u00f3\u0142ka drzew i krzew\u00f3w O\u015bwi\u0119cim","article_publisher":"https:\/\/www.facebook.com\/profile.php?id=100048712636007","article_modified_time":"2026-04-01T19:21:22+00:00","og_image":[{"width":600,"height":399,"url":"https:\/\/szkolkakubiczek.pl\/wp-content\/uploads\/2022\/03\/13.jpg","type":"image\/jpeg"}],"twitter_card":"summary_large_image","schema":{"@context":"https:\/\/schema.org","@graph":[{"@type":"WebPage","@id":"https:\/\/szkolkakubiczek.pl\/","url":"https:\/\/szkolkakubiczek.pl\/","name":"Strona g\u0142\u00f3wna - Kubiczek - Szk\u00f3\u0142ka drzew i krzew\u00f3w O\u015bwi\u0119cim","isPartOf":{"@id":"https:\/\/szkolkakubiczek.pl\/#website"},"datePublished":"2022-03-10T15:28:59+00:00","dateModified":"2026-04-01T19:21:22+00:00","description":"Kubiczek - Szk\u00f3\u0142ka drzew i krzew\u00f3w O\u015bwi\u0119cim - Strona g\u0142\u00f3wna","breadcrumb":{"@id":"https:\/\/szkolkakubiczek.pl\/#breadcrumb"},"inLanguage":"de-DE","potentialAction":[{"@type":"ReadAction","target":["https:\/\/szkolkakubiczek.pl\/"]}]},{"@type":"BreadcrumbList","@id":"https:\/\/szkolkakubiczek.pl\/#breadcrumb","itemListElement":[{"@type":"ListItem","position":1,"name":"Strona g\u0142\u00f3wna","item":"https:\/\/szkolkakubiczek.pl\/"},{"@type":"ListItem","position":2,"name":"Strona g\u0142\u00f3wna"}]},{"@type":"WebSite","@id":"https:\/\/szkolkakubiczek.pl\/#website","url":"https:\/\/szkolkakubiczek.pl\/","name":"Kubiczek - Szk\u00f3\u0142ka drzew i krzew\u00f3w O\u015bwi\u0119cim","description":"Szk\u00f3\u0142ka drzew i krzew\u00f3w","publisher":{"@id":"https:\/\/szkolkakubiczek.pl\/#organization"},"potentialAction":[{"@type":"SearchAction","target":{"@type":"EntryPoint","urlTemplate":"https:\/\/szkolkakubiczek.pl\/?s={search_term_string}"},"query-input":{"@type":"PropertyValueSpecification","valueRequired":true,"valueName":"search_term_string"}}],"inLanguage":"de-DE"},{"@type":"Organization","@id":"https:\/\/szkolkakubiczek.pl\/#organization","name":"Szk\u00f3\u0142ka kwiat\u00f3w i ro\u015blin Kubiczek","url":"https:\/\/szkolkakubiczek.pl\/","logo":{"@type":"ImageObject","inLanguage":"de-DE","@id":"https:\/\/szkolkakubiczek.pl\/#\/schema\/logo\/image\/","url":"http:\/\/szkolkakubiczek.pl\/wp-content\/uploads\/2022\/04\/cropped-Zdjecie4.png","contentUrl":"http:\/\/szkolkakubiczek.pl\/wp-content\/uploads\/2022\/04\/cropped-Zdjecie4.png","width":512,"height":512,"caption":"Szk\u00f3\u0142ka kwiat\u00f3w i ro\u015blin Kubiczek"},"image":{"@id":"https:\/\/szkolkakubiczek.pl\/#\/schema\/logo\/image\/"},"sameAs":["https:\/\/www.facebook.com\/profile.php?id=100048712636007","https:\/\/www.instagram.com\/szkolka_kubiczek\/"]}]}},"_links":{"self":[{"href":"https:\/\/szkolkakubiczek.pl\/de\/wp-json\/wp\/v2\/pages\/8","targetHints":{"allow":["GET"]}}],"collection":[{"href":"https:\/\/szkolkakubiczek.pl\/de\/wp-json\/wp\/v2\/pages"}],"about":[{"href":"https:\/\/szkolkakubiczek.pl\/de\/wp-json\/wp\/v2\/types\/page"}],"author":[{"embeddable":true,"href":"https:\/\/szkolkakubiczek.pl\/de\/wp-json\/wp\/v2\/users\/1"}],"replies":[{"embeddable":true,"href":"https:\/\/szkolkakubiczek.pl\/de\/wp-json\/wp\/v2\/comments?post=8"}],"version-history":[{"count":182,"href":"https:\/\/szkolkakubiczek.pl\/de\/wp-json\/wp\/v2\/pages\/8\/revisions"}],"predecessor-version":[{"id":1405,"href":"https:\/\/szkolkakubiczek.pl\/de\/wp-json\/wp\/v2\/pages\/8\/revisions\/1405"}],"wp:attachment":[{"href":"https:\/\/szkolkakubiczek.pl\/de\/wp-json\/wp\/v2\/media?parent=8"}],"curies":[{"name":"wp","href":"https:\/\/api.w.org\/{rel}","templated":true}]}}