{"id":248,"date":"2022-03-21T13:26:08","date_gmt":"2022-03-21T12:26:08","guid":{"rendered":"https:\/\/szkolkakubiczek.pl\/?page_id=248"},"modified":"2022-03-21T13:26:08","modified_gmt":"2022-03-21T12:26:08","slug":"polityka-prywatnosci","status":"publish","type":"page","link":"https:\/\/szkolkakubiczek.pl\/de\/polityka-prywatnosci\/","title":{"rendered":"Polityka prywatno\u015bci"},"content":{"rendered":"<p>Lorem ipsum dolor sit amet, consectetur adipiscing elit. Curabitur at leo vestibulum, cursus est vitae, tincidunt eros. Integer consectetur varius urna, vel mollis dui pharetra eget. In et luctus eros, vel ultricies risus. Quisque imperdiet nec tortor at semper. Nulla et purus non nisi rhoncus vehicula at pulvinar dolor. Phasellus feugiat, purus et sodales cursus, ex erat fringilla dui, at scelerisque tortor augue ac leo. Quisque vitae auctor turpis. Ut ut suscipit purus.<\/p>\n","protected":false},"excerpt":{"rendered":"<p>Lorem ipsum dolor sit amet, consectetur adipiscing elit. Curabitur at leo vestibulum, cursus est vitae, tincidunt eros. Integer consectetur varius urna, vel mollis dui pharetra eget. In et luctus eros, vel ultricies risus. Quisque imperdiet nec tortor at semper. Nulla et purus non nisi rhoncus vehicula at pulvinar dolor. Phasellus feugiat, purus et sodales cursus, [&hellip;]<\/p>\n","protected":false},"author":1,"featured_media":0,"parent":0,"menu_order":0,"comment_status":"closed","ping_status":"closed","template":"casual.php","meta":{"_acf_changed":false,"ngg_post_thumbnail":0,"footnotes":""},"class_list":["post-248","page","type-page","status-publish","hentry"],"translation":{"provider":"WPGlobus","version":"3.0.0","language":"de","enabled_languages":["pl","gb","de","cz"],"languages":{"pl":{"title":true,"content":true,"excerpt":false},"gb":{"title":false,"content":false,"excerpt":false},"de":{"title":false,"content":false,"excerpt":false},"cz":{"title":false,"content":false,"excerpt":false}}},"acf":[],"yoast_head":"<!-- This site is optimized with the Yoast SEO plugin v24.9 - https:\/\/yoast.com\/wordpress\/plugins\/seo\/ -->\n<title>Polityka prywatno\u015bci - Kubiczek - Szk\u00f3\u0142ka drzew i krzew\u00f3w O\u015bwi\u0119cim<\/title>\n<meta name=\"robots\" content=\"index, follow, max-snippet:-1, max-image-preview:large, max-video-preview:-1\" \/>\n<link rel=\"canonical\" href=\"https:\/\/szkolkakubiczek.pl\/polityka-prywatnosci\/\" \/>\n<meta property=\"og:locale\" content=\"de_DE\" \/>\n<meta property=\"og:type\" content=\"article\" \/>\n<meta property=\"og:title\" content=\"Polityka prywatno\u015bci - Kubiczek - Szk\u00f3\u0142ka drzew i krzew\u00f3w O\u015bwi\u0119cim\" \/>\n<meta property=\"og:url\" content=\"https:\/\/szkolkakubiczek.pl\/polityka-prywatnosci\/\" \/>\n<meta property=\"og:site_name\" content=\"Kubiczek - Szk\u00f3\u0142ka drzew i krzew\u00f3w O\u015bwi\u0119cim\" \/>\n<meta property=\"article:publisher\" content=\"https:\/\/www.facebook.com\/profile.php?id=100048712636007\" \/>\n<meta property=\"og:image\" content=\"https:\/\/szkolkakubiczek.pl\/wp-content\/uploads\/2022\/03\/13.jpg\" \/>\n\t<meta property=\"og:image:width\" content=\"600\" \/>\n\t<meta property=\"og:image:height\" content=\"399\" \/>\n\t<meta property=\"og:image:type\" content=\"image\/jpeg\" \/>\n<meta name=\"twitter:card\" content=\"summary_large_image\" \/>\n<script type=\"application\/ld+json\" class=\"yoast-schema-graph\">{\"@context\":\"https:\/\/schema.org\",\"@graph\":[{\"@type\":\"WebPage\",\"@id\":\"https:\/\/szkolkakubiczek.pl\/polityka-prywatnosci\/\",\"url\":\"https:\/\/szkolkakubiczek.pl\/polityka-prywatnosci\/\",\"name\":\"Polityka prywatno\u015bci - Kubiczek - Szk\u00f3\u0142ka drzew i krzew\u00f3w O\u015bwi\u0119cim\",\"isPartOf\":{\"@id\":\"https:\/\/szkolkakubiczek.pl\/#website\"},\"datePublished\":\"2022-03-21T12:26:08+00:00\",\"description\":\"Kubiczek - Szk\u00f3\u0142ka drzew i krzew\u00f3w O\u015bwi\u0119cim - Polityka prywatno\u015bci\",\"breadcrumb\":{\"@id\":\"https:\/\/szkolkakubiczek.pl\/polityka-prywatnosci\/#breadcrumb\"},\"inLanguage\":\"de-DE\",\"potentialAction\":[{\"@type\":\"ReadAction\",\"target\":[\"https:\/\/szkolkakubiczek.pl\/polityka-prywatnosci\/\"]}]},{\"@type\":\"BreadcrumbList\",\"@id\":\"https:\/\/szkolkakubiczek.pl\/polityka-prywatnosci\/#breadcrumb\",\"itemListElement\":[{\"@type\":\"ListItem\",\"position\":1,\"name\":\"Strona g\u0142\u00f3wna\",\"item\":\"https:\/\/szkolkakubiczek.pl\/\"},{\"@type\":\"ListItem\",\"position\":2,\"name\":\"Polityka prywatno\u015bci\"}]},{\"@type\":\"WebSite\",\"@id\":\"https:\/\/szkolkakubiczek.pl\/#website\",\"url\":\"https:\/\/szkolkakubiczek.pl\/\",\"name\":\"Kubiczek - Szk\u00f3\u0142ka drzew i krzew\u00f3w O\u015bwi\u0119cim\",\"description\":\"Szk\u00f3\u0142ka drzew i krzew\u00f3w\",\"publisher\":{\"@id\":\"https:\/\/szkolkakubiczek.pl\/#organization\"},\"potentialAction\":[{\"@type\":\"SearchAction\",\"target\":{\"@type\":\"EntryPoint\",\"urlTemplate\":\"https:\/\/szkolkakubiczek.pl\/?s={search_term_string}\"},\"query-input\":{\"@type\":\"PropertyValueSpecification\",\"valueRequired\":true,\"valueName\":\"search_term_string\"}}],\"inLanguage\":\"de-DE\"},{\"@type\":\"Organization\",\"@id\":\"https:\/\/szkolkakubiczek.pl\/#organization\",\"name\":\"Szk\u00f3\u0142ka kwiat\u00f3w i ro\u015blin Kubiczek\",\"url\":\"https:\/\/szkolkakubiczek.pl\/\",\"logo\":{\"@type\":\"ImageObject\",\"inLanguage\":\"de-DE\",\"@id\":\"https:\/\/szkolkakubiczek.pl\/#\/schema\/logo\/image\/\",\"url\":\"http:\/\/szkolkakubiczek.pl\/wp-content\/uploads\/2022\/04\/cropped-Zdjecie4.png\",\"contentUrl\":\"http:\/\/szkolkakubiczek.pl\/wp-content\/uploads\/2022\/04\/cropped-Zdjecie4.png\",\"width\":512,\"height\":512,\"caption\":\"Szk\u00f3\u0142ka kwiat\u00f3w i ro\u015blin Kubiczek\"},\"image\":{\"@id\":\"https:\/\/szkolkakubiczek.pl\/#\/schema\/logo\/image\/\"},\"sameAs\":[\"https:\/\/www.facebook.com\/profile.php?id=100048712636007\",\"https:\/\/www.instagram.com\/szkolka_kubiczek\/\"]}]}<\/script>\n<!-- \/ Yoast SEO plugin. -->","yoast_head_json":{"title":"Polityka prywatno\u015bci - Kubiczek - Szk\u00f3\u0142ka drzew i krzew\u00f3w O\u015bwi\u0119cim","robots":{"index":"index","follow":"follow","max-snippet":"max-snippet:-1","max-image-preview":"max-image-preview:large","max-video-preview":"max-video-preview:-1"},"canonical":"https:\/\/szkolkakubiczek.pl\/polityka-prywatnosci\/","og_locale":"de_DE","og_type":"article","og_title":"Polityka prywatno\u015bci - Kubiczek - Szk\u00f3\u0142ka drzew i krzew\u00f3w O\u015bwi\u0119cim","og_url":"https:\/\/szkolkakubiczek.pl\/polityka-prywatnosci\/","og_site_name":"Kubiczek - Szk\u00f3\u0142ka drzew i krzew\u00f3w O\u015bwi\u0119cim","article_publisher":"https:\/\/www.facebook.com\/profile.php?id=100048712636007","og_image":[{"width":600,"height":399,"url":"https:\/\/szkolkakubiczek.pl\/wp-content\/uploads\/2022\/03\/13.jpg","type":"image\/jpeg"}],"twitter_card":"summary_large_image","schema":{"@context":"https:\/\/schema.org","@graph":[{"@type":"WebPage","@id":"https:\/\/szkolkakubiczek.pl\/polityka-prywatnosci\/","url":"https:\/\/szkolkakubiczek.pl\/polityka-prywatnosci\/","name":"Polityka prywatno\u015bci - Kubiczek - Szk\u00f3\u0142ka drzew i krzew\u00f3w O\u015bwi\u0119cim","isPartOf":{"@id":"https:\/\/szkolkakubiczek.pl\/#website"},"datePublished":"2022-03-21T12:26:08+00:00","description":"Kubiczek - Szk\u00f3\u0142ka drzew i krzew\u00f3w O\u015bwi\u0119cim - Polityka prywatno\u015bci","breadcrumb":{"@id":"https:\/\/szkolkakubiczek.pl\/polityka-prywatnosci\/#breadcrumb"},"inLanguage":"de-DE","potentialAction":[{"@type":"ReadAction","target":["https:\/\/szkolkakubiczek.pl\/polityka-prywatnosci\/"]}]},{"@type":"BreadcrumbList","@id":"https:\/\/szkolkakubiczek.pl\/polityka-prywatnosci\/#breadcrumb","itemListElement":[{"@type":"ListItem","position":1,"name":"Strona g\u0142\u00f3wna","item":"https:\/\/szkolkakubiczek.pl\/"},{"@type":"ListItem","position":2,"name":"Polityka prywatno\u015bci"}]},{"@type":"WebSite","@id":"https:\/\/szkolkakubiczek.pl\/#website","url":"https:\/\/szkolkakubiczek.pl\/","name":"Kubiczek - Szk\u00f3\u0142ka drzew i krzew\u00f3w O\u015bwi\u0119cim","description":"Szk\u00f3\u0142ka drzew i krzew\u00f3w","publisher":{"@id":"https:\/\/szkolkakubiczek.pl\/#organization"},"potentialAction":[{"@type":"SearchAction","target":{"@type":"EntryPoint","urlTemplate":"https:\/\/szkolkakubiczek.pl\/?s={search_term_string}"},"query-input":{"@type":"PropertyValueSpecification","valueRequired":true,"valueName":"search_term_string"}}],"inLanguage":"de-DE"},{"@type":"Organization","@id":"https:\/\/szkolkakubiczek.pl\/#organization","name":"Szk\u00f3\u0142ka kwiat\u00f3w i ro\u015blin Kubiczek","url":"https:\/\/szkolkakubiczek.pl\/","logo":{"@type":"ImageObject","inLanguage":"de-DE","@id":"https:\/\/szkolkakubiczek.pl\/#\/schema\/logo\/image\/","url":"http:\/\/szkolkakubiczek.pl\/wp-content\/uploads\/2022\/04\/cropped-Zdjecie4.png","contentUrl":"http:\/\/szkolkakubiczek.pl\/wp-content\/uploads\/2022\/04\/cropped-Zdjecie4.png","width":512,"height":512,"caption":"Szk\u00f3\u0142ka kwiat\u00f3w i ro\u015blin Kubiczek"},"image":{"@id":"https:\/\/szkolkakubiczek.pl\/#\/schema\/logo\/image\/"},"sameAs":["https:\/\/www.facebook.com\/profile.php?id=100048712636007","https:\/\/www.instagram.com\/szkolka_kubiczek\/"]}]}},"_links":{"self":[{"href":"https:\/\/szkolkakubiczek.pl\/de\/wp-json\/wp\/v2\/pages\/248","targetHints":{"allow":["GET"]}}],"collection":[{"href":"https:\/\/szkolkakubiczek.pl\/de\/wp-json\/wp\/v2\/pages"}],"about":[{"href":"https:\/\/szkolkakubiczek.pl\/de\/wp-json\/wp\/v2\/types\/page"}],"author":[{"embeddable":true,"href":"https:\/\/szkolkakubiczek.pl\/de\/wp-json\/wp\/v2\/users\/1"}],"replies":[{"embeddable":true,"href":"https:\/\/szkolkakubiczek.pl\/de\/wp-json\/wp\/v2\/comments?post=248"}],"version-history":[{"count":1,"href":"https:\/\/szkolkakubiczek.pl\/de\/wp-json\/wp\/v2\/pages\/248\/revisions"}],"predecessor-version":[{"id":249,"href":"https:\/\/szkolkakubiczek.pl\/de\/wp-json\/wp\/v2\/pages\/248\/revisions\/249"}],"wp:attachment":[{"href":"https:\/\/szkolkakubiczek.pl\/de\/wp-json\/wp\/v2\/media?parent=248"}],"curies":[{"name":"wp","href":"https:\/\/api.w.org\/{rel}","templated":true}]}}