{"id":105,"date":"2022-03-17T13:54:41","date_gmt":"2022-03-17T12:54:41","guid":{"rendered":"https:\/\/szkolkakubiczek.pl\/?page_id=105"},"modified":"2025-03-25T23:08:05","modified_gmt":"2025-03-25T22:08:05","slug":"oferta","status":"publish","type":"page","link":"https:\/\/szkolkakubiczek.pl\/de\/oferta\/","title":{"rendered":"Oferta"},"content":{"rendered":"<p>&nbsp;<\/p>\n<p style=\"text-align: center;\"><span style=\"color: #99cc00;\"><strong>Nasz asortyment co jaki\u015b czas jest uzupe\u0142niany i<\/strong><\/span><span style=\"color: #99cc00;\"><strong>&nbsp;bogatszy wi\u0119c prosimy Pa\u0144stwa o wysy\u0142anie zapyta\u0144 co do ro\u015blin, kt\u00f3re Pa\u0144stwa interesuj\u0105.<\/strong><\/span><\/p>\n<p>&nbsp;<\/p>\n<p><em>Zapraszamy do kontaktu mailowego b\u0105d\u017a telefonicznego&nbsp;<\/em><\/p>\n","protected":false},"excerpt":{"rendered":"<p>&nbsp; Nasz asortyment co jaki\u015b czas jest uzupe\u0142niany i&nbsp;bogatszy wi\u0119c prosimy Pa\u0144stwa o wysy\u0142anie zapyta\u0144 co do ro\u015blin, kt\u00f3re Pa\u0144stwa interesuj\u0105. &nbsp; Zapraszamy do kontaktu mailowego b\u0105d\u017a telefonicznego&nbsp;<\/p>\n","protected":false},"author":1,"featured_media":0,"parent":0,"menu_order":0,"comment_status":"closed","ping_status":"closed","template":"offer.php","meta":{"_acf_changed":false,"ngg_post_thumbnail":0,"footnotes":""},"class_list":["post-105","page","type-page","status-publish","hentry"],"translation":{"provider":"WPGlobus","version":"3.0.0","language":"de","enabled_languages":["pl","gb","de","cz"],"languages":{"pl":{"title":true,"content":true,"excerpt":false},"gb":{"title":false,"content":false,"excerpt":false},"de":{"title":false,"content":false,"excerpt":false},"cz":{"title":false,"content":false,"excerpt":false}}},"acf":[],"yoast_head":"<!-- This site is optimized with the Yoast SEO plugin v24.9 - https:\/\/yoast.com\/wordpress\/plugins\/seo\/ -->\n<title>Oferta - Kubiczek - Szk\u00f3\u0142ka drzew i krzew\u00f3w O\u015bwi\u0119cim<\/title>\n<meta name=\"robots\" content=\"index, follow, max-snippet:-1, max-image-preview:large, max-video-preview:-1\" \/>\n<link rel=\"canonical\" href=\"https:\/\/szkolkakubiczek.pl\/oferta\/\" \/>\n<meta property=\"og:locale\" content=\"de_DE\" \/>\n<meta property=\"og:type\" content=\"article\" \/>\n<meta property=\"og:title\" content=\"Oferta - Kubiczek - Szk\u00f3\u0142ka drzew i krzew\u00f3w O\u015bwi\u0119cim\" \/>\n<meta property=\"og:url\" content=\"https:\/\/szkolkakubiczek.pl\/oferta\/\" \/>\n<meta property=\"og:site_name\" content=\"Kubiczek - Szk\u00f3\u0142ka drzew i krzew\u00f3w O\u015bwi\u0119cim\" \/>\n<meta property=\"article:publisher\" content=\"https:\/\/www.facebook.com\/profile.php?id=100048712636007\" \/>\n<meta property=\"article:modified_time\" content=\"2025-03-25T22:08:05+00:00\" \/>\n<meta property=\"og:image\" content=\"https:\/\/szkolkakubiczek.pl\/wp-content\/uploads\/2022\/03\/13.jpg\" \/>\n\t<meta property=\"og:image:width\" content=\"600\" \/>\n\t<meta property=\"og:image:height\" content=\"399\" \/>\n\t<meta property=\"og:image:type\" content=\"image\/jpeg\" \/>\n<meta name=\"twitter:card\" content=\"summary_large_image\" \/>\n<meta name=\"twitter:label1\" content=\"Est. reading time\" \/>\n\t<meta name=\"twitter:data1\" content=\"1 minute\" \/>\n<script type=\"application\/ld+json\" class=\"yoast-schema-graph\">{\"@context\":\"https:\/\/schema.org\",\"@graph\":[{\"@type\":\"WebPage\",\"@id\":\"https:\/\/szkolkakubiczek.pl\/oferta\/\",\"url\":\"https:\/\/szkolkakubiczek.pl\/oferta\/\",\"name\":\"Oferta - Kubiczek - Szk\u00f3\u0142ka drzew i krzew\u00f3w O\u015bwi\u0119cim\",\"isPartOf\":{\"@id\":\"https:\/\/szkolkakubiczek.pl\/#website\"},\"datePublished\":\"2022-03-17T12:54:41+00:00\",\"dateModified\":\"2025-03-25T22:08:05+00:00\",\"description\":\"Kubiczek - Szk\u00f3\u0142ka drzew i krzew\u00f3w O\u015bwi\u0119cim - Oferta\",\"breadcrumb\":{\"@id\":\"https:\/\/szkolkakubiczek.pl\/oferta\/#breadcrumb\"},\"inLanguage\":\"de-DE\",\"potentialAction\":[{\"@type\":\"ReadAction\",\"target\":[\"https:\/\/szkolkakubiczek.pl\/oferta\/\"]}]},{\"@type\":\"BreadcrumbList\",\"@id\":\"https:\/\/szkolkakubiczek.pl\/oferta\/#breadcrumb\",\"itemListElement\":[{\"@type\":\"ListItem\",\"position\":1,\"name\":\"Strona g\u0142\u00f3wna\",\"item\":\"https:\/\/szkolkakubiczek.pl\/\"},{\"@type\":\"ListItem\",\"position\":2,\"name\":\"Oferta\"}]},{\"@type\":\"WebSite\",\"@id\":\"https:\/\/szkolkakubiczek.pl\/#website\",\"url\":\"https:\/\/szkolkakubiczek.pl\/\",\"name\":\"Kubiczek - Szk\u00f3\u0142ka drzew i krzew\u00f3w O\u015bwi\u0119cim\",\"description\":\"Szk\u00f3\u0142ka drzew i krzew\u00f3w\",\"publisher\":{\"@id\":\"https:\/\/szkolkakubiczek.pl\/#organization\"},\"potentialAction\":[{\"@type\":\"SearchAction\",\"target\":{\"@type\":\"EntryPoint\",\"urlTemplate\":\"https:\/\/szkolkakubiczek.pl\/?s={search_term_string}\"},\"query-input\":{\"@type\":\"PropertyValueSpecification\",\"valueRequired\":true,\"valueName\":\"search_term_string\"}}],\"inLanguage\":\"de-DE\"},{\"@type\":\"Organization\",\"@id\":\"https:\/\/szkolkakubiczek.pl\/#organization\",\"name\":\"Szk\u00f3\u0142ka kwiat\u00f3w i ro\u015blin Kubiczek\",\"url\":\"https:\/\/szkolkakubiczek.pl\/\",\"logo\":{\"@type\":\"ImageObject\",\"inLanguage\":\"de-DE\",\"@id\":\"https:\/\/szkolkakubiczek.pl\/#\/schema\/logo\/image\/\",\"url\":\"http:\/\/szkolkakubiczek.pl\/wp-content\/uploads\/2022\/04\/cropped-Zdjecie4.png\",\"contentUrl\":\"http:\/\/szkolkakubiczek.pl\/wp-content\/uploads\/2022\/04\/cropped-Zdjecie4.png\",\"width\":512,\"height\":512,\"caption\":\"Szk\u00f3\u0142ka kwiat\u00f3w i ro\u015blin Kubiczek\"},\"image\":{\"@id\":\"https:\/\/szkolkakubiczek.pl\/#\/schema\/logo\/image\/\"},\"sameAs\":[\"https:\/\/www.facebook.com\/profile.php?id=100048712636007\",\"https:\/\/www.instagram.com\/szkolka_kubiczek\/\"]}]}<\/script>\n<!-- \/ Yoast SEO plugin. -->","yoast_head_json":{"title":"Oferta - Kubiczek - Szk\u00f3\u0142ka drzew i krzew\u00f3w O\u015bwi\u0119cim","robots":{"index":"index","follow":"follow","max-snippet":"max-snippet:-1","max-image-preview":"max-image-preview:large","max-video-preview":"max-video-preview:-1"},"canonical":"https:\/\/szkolkakubiczek.pl\/oferta\/","og_locale":"de_DE","og_type":"article","og_title":"Oferta - Kubiczek - Szk\u00f3\u0142ka drzew i krzew\u00f3w O\u015bwi\u0119cim","og_url":"https:\/\/szkolkakubiczek.pl\/oferta\/","og_site_name":"Kubiczek - Szk\u00f3\u0142ka drzew i krzew\u00f3w O\u015bwi\u0119cim","article_publisher":"https:\/\/www.facebook.com\/profile.php?id=100048712636007","article_modified_time":"2025-03-25T22:08:05+00:00","og_image":[{"width":600,"height":399,"url":"https:\/\/szkolkakubiczek.pl\/wp-content\/uploads\/2022\/03\/13.jpg","type":"image\/jpeg"}],"twitter_card":"summary_large_image","twitter_misc":{"Est. reading time":"1 minute"},"schema":{"@context":"https:\/\/schema.org","@graph":[{"@type":"WebPage","@id":"https:\/\/szkolkakubiczek.pl\/oferta\/","url":"https:\/\/szkolkakubiczek.pl\/oferta\/","name":"Oferta - Kubiczek - Szk\u00f3\u0142ka drzew i krzew\u00f3w O\u015bwi\u0119cim","isPartOf":{"@id":"https:\/\/szkolkakubiczek.pl\/#website"},"datePublished":"2022-03-17T12:54:41+00:00","dateModified":"2025-03-25T22:08:05+00:00","description":"Kubiczek - Szk\u00f3\u0142ka drzew i krzew\u00f3w O\u015bwi\u0119cim - Oferta","breadcrumb":{"@id":"https:\/\/szkolkakubiczek.pl\/oferta\/#breadcrumb"},"inLanguage":"de-DE","potentialAction":[{"@type":"ReadAction","target":["https:\/\/szkolkakubiczek.pl\/oferta\/"]}]},{"@type":"BreadcrumbList","@id":"https:\/\/szkolkakubiczek.pl\/oferta\/#breadcrumb","itemListElement":[{"@type":"ListItem","position":1,"name":"Strona g\u0142\u00f3wna","item":"https:\/\/szkolkakubiczek.pl\/"},{"@type":"ListItem","position":2,"name":"Oferta"}]},{"@type":"WebSite","@id":"https:\/\/szkolkakubiczek.pl\/#website","url":"https:\/\/szkolkakubiczek.pl\/","name":"Kubiczek - Szk\u00f3\u0142ka drzew i krzew\u00f3w O\u015bwi\u0119cim","description":"Szk\u00f3\u0142ka drzew i krzew\u00f3w","publisher":{"@id":"https:\/\/szkolkakubiczek.pl\/#organization"},"potentialAction":[{"@type":"SearchAction","target":{"@type":"EntryPoint","urlTemplate":"https:\/\/szkolkakubiczek.pl\/?s={search_term_string}"},"query-input":{"@type":"PropertyValueSpecification","valueRequired":true,"valueName":"search_term_string"}}],"inLanguage":"de-DE"},{"@type":"Organization","@id":"https:\/\/szkolkakubiczek.pl\/#organization","name":"Szk\u00f3\u0142ka kwiat\u00f3w i ro\u015blin Kubiczek","url":"https:\/\/szkolkakubiczek.pl\/","logo":{"@type":"ImageObject","inLanguage":"de-DE","@id":"https:\/\/szkolkakubiczek.pl\/#\/schema\/logo\/image\/","url":"http:\/\/szkolkakubiczek.pl\/wp-content\/uploads\/2022\/04\/cropped-Zdjecie4.png","contentUrl":"http:\/\/szkolkakubiczek.pl\/wp-content\/uploads\/2022\/04\/cropped-Zdjecie4.png","width":512,"height":512,"caption":"Szk\u00f3\u0142ka kwiat\u00f3w i ro\u015blin Kubiczek"},"image":{"@id":"https:\/\/szkolkakubiczek.pl\/#\/schema\/logo\/image\/"},"sameAs":["https:\/\/www.facebook.com\/profile.php?id=100048712636007","https:\/\/www.instagram.com\/szkolka_kubiczek\/"]}]}},"_links":{"self":[{"href":"https:\/\/szkolkakubiczek.pl\/de\/wp-json\/wp\/v2\/pages\/105","targetHints":{"allow":["GET"]}}],"collection":[{"href":"https:\/\/szkolkakubiczek.pl\/de\/wp-json\/wp\/v2\/pages"}],"about":[{"href":"https:\/\/szkolkakubiczek.pl\/de\/wp-json\/wp\/v2\/types\/page"}],"author":[{"embeddable":true,"href":"https:\/\/szkolkakubiczek.pl\/de\/wp-json\/wp\/v2\/users\/1"}],"replies":[{"embeddable":true,"href":"https:\/\/szkolkakubiczek.pl\/de\/wp-json\/wp\/v2\/comments?post=105"}],"version-history":[{"count":17,"href":"https:\/\/szkolkakubiczek.pl\/de\/wp-json\/wp\/v2\/pages\/105\/revisions"}],"predecessor-version":[{"id":1326,"href":"https:\/\/szkolkakubiczek.pl\/de\/wp-json\/wp\/v2\/pages\/105\/revisions\/1326"}],"wp:attachment":[{"href":"https:\/\/szkolkakubiczek.pl\/de\/wp-json\/wp\/v2\/media?parent=105"}],"curies":[{"name":"wp","href":"https:\/\/api.w.org\/{rel}","templated":true}]}}