{"id":640,"date":"2022-03-28T16:31:15","date_gmt":"2022-03-28T14:31:15","guid":{"rendered":"https:\/\/szkolkakubiczek.pl\/?page_id=640"},"modified":"2022-04-07T18:27:45","modified_gmt":"2022-04-07T16:27:45","slug":"do-pobrania","status":"publish","type":"page","link":"http:\/\/szkolkakubiczek.pl\/de\/do-pobrania\/","title":{"rendered":"Do pobrania"},"content":{"rendered":"<p><a href=\"http:\/\/szkolkakubiczek.pl\/wp-content\/uploads\/2022\/04\/Zdjecie4.png\">Logo zielono-bia\u0142e<\/a><\/p>\n<p><a href=\"http:\/\/szkolkakubiczek.pl\/wp-content\/uploads\/2022\/04\/Zdjecie1.png\">Logo bia\u0142o-zielone<\/a><\/p>\n<p><a href=\"http:\/\/szkolkakubiczek.pl\/wp-content\/uploads\/2022\/04\/Zdjecie3.png\">Logo bia\u0142e<\/a><\/p>\n<p><a href=\"http:\/\/szkolkakubiczek.pl\/wp-content\/uploads\/2022\/04\/Zdjecie2.png\">Logo zielone<\/a><\/p>\n","protected":false},"excerpt":{"rendered":"<p>Logo zielono-bia\u0142e Logo bia\u0142o-zielone Logo bia\u0142e Logo zielone<\/p>\n","protected":false},"author":1,"featured_media":0,"parent":0,"menu_order":0,"comment_status":"closed","ping_status":"closed","template":"casual.php","meta":{"_acf_changed":false,"ngg_post_thumbnail":0,"footnotes":""},"class_list":["post-640","page","type-page","status-publish","hentry"],"translation":{"provider":"WPGlobus","version":"3.0.0","language":"de","enabled_languages":["pl","gb","de","cz"],"languages":{"pl":{"title":true,"content":true,"excerpt":false},"gb":{"title":false,"content":false,"excerpt":false},"de":{"title":false,"content":false,"excerpt":false},"cz":{"title":false,"content":false,"excerpt":false}}},"acf":[],"yoast_head":"<!-- This site is optimized with the Yoast SEO plugin v24.9 - https:\/\/yoast.com\/wordpress\/plugins\/seo\/ -->\n<title>Do pobrania - Kubiczek - Szk\u00f3\u0142ka drzew i krzew\u00f3w O\u015bwi\u0119cim<\/title>\n<meta name=\"robots\" content=\"index, follow, max-snippet:-1, max-image-preview:large, max-video-preview:-1\" \/>\n<link rel=\"canonical\" href=\"https:\/\/szkolkakubiczek.pl\/do-pobrania\/\" \/>\n<meta property=\"og:locale\" content=\"de_DE\" \/>\n<meta property=\"og:type\" content=\"article\" \/>\n<meta property=\"og:title\" content=\"Do pobrania - Kubiczek - Szk\u00f3\u0142ka drzew i krzew\u00f3w O\u015bwi\u0119cim\" \/>\n<meta property=\"og:url\" content=\"https:\/\/szkolkakubiczek.pl\/do-pobrania\/\" \/>\n<meta property=\"og:site_name\" content=\"Kubiczek - Szk\u00f3\u0142ka drzew i krzew\u00f3w O\u015bwi\u0119cim\" \/>\n<meta property=\"article:publisher\" content=\"https:\/\/www.facebook.com\/profile.php?id=100048712636007\" \/>\n<meta property=\"article:modified_time\" content=\"2022-04-07T16:27:45+00:00\" \/>\n<meta property=\"og:image\" content=\"http:\/\/szkolkakubiczek.pl\/wp-content\/uploads\/2022\/03\/13.jpg\" \/>\n\t<meta property=\"og:image:width\" content=\"600\" \/>\n\t<meta property=\"og:image:height\" content=\"399\" \/>\n\t<meta property=\"og:image:type\" content=\"image\/jpeg\" \/>\n<meta name=\"twitter:card\" content=\"summary_large_image\" \/>\n<meta name=\"twitter:label1\" content=\"Est. reading time\" \/>\n\t<meta name=\"twitter:data1\" content=\"1 minute\" \/>\n<script type=\"application\/ld+json\" class=\"yoast-schema-graph\">{\"@context\":\"https:\/\/schema.org\",\"@graph\":[{\"@type\":\"WebPage\",\"@id\":\"https:\/\/szkolkakubiczek.pl\/do-pobrania\/\",\"url\":\"https:\/\/szkolkakubiczek.pl\/do-pobrania\/\",\"name\":\"Do pobrania - Kubiczek - Szk\u00f3\u0142ka drzew i krzew\u00f3w O\u015bwi\u0119cim\",\"isPartOf\":{\"@id\":\"https:\/\/szkolkakubiczek.pl\/gb\/#website\"},\"datePublished\":\"2022-03-28T14:31:15+00:00\",\"dateModified\":\"2022-04-07T16:27:45+00:00\",\"description\":\"Kubiczek - Szk\u00f3\u0142ka drzew i krzew\u00f3w O\u015bwi\u0119cim - Do pobrania\",\"breadcrumb\":{\"@id\":\"https:\/\/szkolkakubiczek.pl\/do-pobrania\/#breadcrumb\"},\"inLanguage\":\"de-DE\",\"potentialAction\":[{\"@type\":\"ReadAction\",\"target\":[\"https:\/\/szkolkakubiczek.pl\/do-pobrania\/\"]}]},{\"@type\":\"BreadcrumbList\",\"@id\":\"https:\/\/szkolkakubiczek.pl\/do-pobrania\/#breadcrumb\",\"itemListElement\":[{\"@type\":\"ListItem\",\"position\":1,\"name\":\"Strona g\u0142\u00f3wna\",\"item\":\"https:\/\/szkolkakubiczek.pl\/gb\/\"},{\"@type\":\"ListItem\",\"position\":2,\"name\":\"Do pobrania\"}]},{\"@type\":\"WebSite\",\"@id\":\"https:\/\/szkolkakubiczek.pl\/gb\/#website\",\"url\":\"https:\/\/szkolkakubiczek.pl\/gb\/\",\"name\":\"Kubiczek - Szk\u00f3\u0142ka drzew i krzew\u00f3w O\u015bwi\u0119cim\",\"description\":\"Szk\u00f3\u0142ka drzew i krzew\u00f3w\",\"publisher\":{\"@id\":\"https:\/\/szkolkakubiczek.pl\/gb\/#organization\"},\"potentialAction\":[{\"@type\":\"SearchAction\",\"target\":{\"@type\":\"EntryPoint\",\"urlTemplate\":\"https:\/\/szkolkakubiczek.pl\/gb\/?s={search_term_string}\"},\"query-input\":{\"@type\":\"PropertyValueSpecification\",\"valueRequired\":true,\"valueName\":\"search_term_string\"}}],\"inLanguage\":\"de-DE\"},{\"@type\":\"Organization\",\"@id\":\"https:\/\/szkolkakubiczek.pl\/gb\/#organization\",\"name\":\"Szk\u00f3\u0142ka kwiat\u00f3w i ro\u015blin Kubiczek\",\"url\":\"https:\/\/szkolkakubiczek.pl\/gb\/\",\"logo\":{\"@type\":\"ImageObject\",\"inLanguage\":\"de-DE\",\"@id\":\"https:\/\/szkolkakubiczek.pl\/gb\/#\/schema\/logo\/image\/\",\"url\":\"http:\/\/szkolkakubiczek.pl\/wp-content\/uploads\/2022\/04\/cropped-Zdjecie4.png\",\"contentUrl\":\"http:\/\/szkolkakubiczek.pl\/wp-content\/uploads\/2022\/04\/cropped-Zdjecie4.png\",\"width\":512,\"height\":512,\"caption\":\"Szk\u00f3\u0142ka kwiat\u00f3w i ro\u015blin Kubiczek\"},\"image\":{\"@id\":\"https:\/\/szkolkakubiczek.pl\/gb\/#\/schema\/logo\/image\/\"},\"sameAs\":[\"https:\/\/www.facebook.com\/profile.php?id=100048712636007\",\"https:\/\/www.instagram.com\/szkolka_kubiczek\/\"]}]}<\/script>\n<!-- \/ Yoast SEO plugin. -->","yoast_head_json":{"title":"Do pobrania - Kubiczek - Szk\u00f3\u0142ka drzew i krzew\u00f3w O\u015bwi\u0119cim","robots":{"index":"index","follow":"follow","max-snippet":"max-snippet:-1","max-image-preview":"max-image-preview:large","max-video-preview":"max-video-preview:-1"},"canonical":"https:\/\/szkolkakubiczek.pl\/do-pobrania\/","og_locale":"de_DE","og_type":"article","og_title":"Do pobrania - Kubiczek - Szk\u00f3\u0142ka drzew i krzew\u00f3w O\u015bwi\u0119cim","og_url":"https:\/\/szkolkakubiczek.pl\/do-pobrania\/","og_site_name":"Kubiczek - Szk\u00f3\u0142ka drzew i krzew\u00f3w O\u015bwi\u0119cim","article_publisher":"https:\/\/www.facebook.com\/profile.php?id=100048712636007","article_modified_time":"2022-04-07T16:27:45+00:00","og_image":[{"width":600,"height":399,"url":"http:\/\/szkolkakubiczek.pl\/wp-content\/uploads\/2022\/03\/13.jpg","type":"image\/jpeg"}],"twitter_card":"summary_large_image","twitter_misc":{"Est. reading time":"1 minute"},"schema":{"@context":"https:\/\/schema.org","@graph":[{"@type":"WebPage","@id":"https:\/\/szkolkakubiczek.pl\/do-pobrania\/","url":"https:\/\/szkolkakubiczek.pl\/do-pobrania\/","name":"Do pobrania - Kubiczek - Szk\u00f3\u0142ka drzew i krzew\u00f3w O\u015bwi\u0119cim","isPartOf":{"@id":"https:\/\/szkolkakubiczek.pl\/gb\/#website"},"datePublished":"2022-03-28T14:31:15+00:00","dateModified":"2022-04-07T16:27:45+00:00","description":"Kubiczek - Szk\u00f3\u0142ka drzew i krzew\u00f3w O\u015bwi\u0119cim - Do pobrania","breadcrumb":{"@id":"https:\/\/szkolkakubiczek.pl\/do-pobrania\/#breadcrumb"},"inLanguage":"de-DE","potentialAction":[{"@type":"ReadAction","target":["https:\/\/szkolkakubiczek.pl\/do-pobrania\/"]}]},{"@type":"BreadcrumbList","@id":"https:\/\/szkolkakubiczek.pl\/do-pobrania\/#breadcrumb","itemListElement":[{"@type":"ListItem","position":1,"name":"Strona g\u0142\u00f3wna","item":"https:\/\/szkolkakubiczek.pl\/gb\/"},{"@type":"ListItem","position":2,"name":"Do pobrania"}]},{"@type":"WebSite","@id":"https:\/\/szkolkakubiczek.pl\/gb\/#website","url":"https:\/\/szkolkakubiczek.pl\/gb\/","name":"Kubiczek - Szk\u00f3\u0142ka drzew i krzew\u00f3w O\u015bwi\u0119cim","description":"Szk\u00f3\u0142ka drzew i krzew\u00f3w","publisher":{"@id":"https:\/\/szkolkakubiczek.pl\/gb\/#organization"},"potentialAction":[{"@type":"SearchAction","target":{"@type":"EntryPoint","urlTemplate":"https:\/\/szkolkakubiczek.pl\/gb\/?s={search_term_string}"},"query-input":{"@type":"PropertyValueSpecification","valueRequired":true,"valueName":"search_term_string"}}],"inLanguage":"de-DE"},{"@type":"Organization","@id":"https:\/\/szkolkakubiczek.pl\/gb\/#organization","name":"Szk\u00f3\u0142ka kwiat\u00f3w i ro\u015blin Kubiczek","url":"https:\/\/szkolkakubiczek.pl\/gb\/","logo":{"@type":"ImageObject","inLanguage":"de-DE","@id":"https:\/\/szkolkakubiczek.pl\/gb\/#\/schema\/logo\/image\/","url":"http:\/\/szkolkakubiczek.pl\/wp-content\/uploads\/2022\/04\/cropped-Zdjecie4.png","contentUrl":"http:\/\/szkolkakubiczek.pl\/wp-content\/uploads\/2022\/04\/cropped-Zdjecie4.png","width":512,"height":512,"caption":"Szk\u00f3\u0142ka kwiat\u00f3w i ro\u015blin Kubiczek"},"image":{"@id":"https:\/\/szkolkakubiczek.pl\/gb\/#\/schema\/logo\/image\/"},"sameAs":["https:\/\/www.facebook.com\/profile.php?id=100048712636007","https:\/\/www.instagram.com\/szkolka_kubiczek\/"]}]}},"_links":{"self":[{"href":"http:\/\/szkolkakubiczek.pl\/de\/wp-json\/wp\/v2\/pages\/640","targetHints":{"allow":["GET"]}}],"collection":[{"href":"http:\/\/szkolkakubiczek.pl\/de\/wp-json\/wp\/v2\/pages"}],"about":[{"href":"http:\/\/szkolkakubiczek.pl\/de\/wp-json\/wp\/v2\/types\/page"}],"author":[{"embeddable":true,"href":"http:\/\/szkolkakubiczek.pl\/de\/wp-json\/wp\/v2\/users\/1"}],"replies":[{"embeddable":true,"href":"http:\/\/szkolkakubiczek.pl\/de\/wp-json\/wp\/v2\/comments?post=640"}],"version-history":[{"count":2,"href":"http:\/\/szkolkakubiczek.pl\/de\/wp-json\/wp\/v2\/pages\/640\/revisions"}],"predecessor-version":[{"id":659,"href":"http:\/\/szkolkakubiczek.pl\/de\/wp-json\/wp\/v2\/pages\/640\/revisions\/659"}],"wp:attachment":[{"href":"http:\/\/szkolkakubiczek.pl\/de\/wp-json\/wp\/v2\/media?parent=640"}],"curies":[{"name":"wp","href":"https:\/\/api.w.org\/{rel}","templated":true}]}}